{"id":5162,"date":"2023-04-06T07:07:57","date_gmt":"2023-04-06T06:07:57","guid":{"rendered":"https:\/\/www.yuxtaenergy.hu\/?page_id=5162"},"modified":"2023-11-15T13:35:19","modified_gmt":"2023-11-15T12:35:19","slug":"elektromos-auto-tolto-telepitese","status":"publish","type":"page","link":"https:\/\/www.yuxtaenergy.hu\/en\/napelem-telepites-szolgaltatasaink\/elektromos-auto-tolto-telepitese\/","title":{"rendered":"Electric car charger installation"},"content":{"rendered":"<div data-elementor-type=\"wp-page\" data-elementor-id=\"5162\" class=\"elementor elementor-5162\" data-elementor-settings=\"{&quot;ha_cmc_init_switcher&quot;:&quot;no&quot;}\" data-elementor-post-type=\"page\">\n\t\t\t\t\t\t<section class=\"elementor-section elementor-top-section elementor-element elementor-element-5f96195 elementor-section-boxed elementor-section-height-default elementor-section-height-default\" data-id=\"5f96195\" data-element_type=\"section\" data-settings=\"{&quot;background_background&quot;:&quot;classic&quot;,&quot;_ha_eqh_enable&quot;:false}\">\n\t\t\t\t\t\t\t<div class=\"elementor-background-overlay\"><\/div>\n\t\t\t\t\t\t\t<div class=\"elementor-container elementor-column-gap-default\">\n\t\t\t\t\t<div class=\"elementor-column elementor-col-100 elementor-top-column elementor-element elementor-element-b092ad3\" data-id=\"b092ad3\" data-element_type=\"column\">\n\t\t\t<div class=\"elementor-widget-wrap elementor-element-populated\">\n\t\t\t\t\t\t<div class=\"elementor-element elementor-element-ef464e0 elementor-widget elementor-widget-heading\" data-id=\"ef464e0\" data-element_type=\"widget\" data-widget_type=\"heading.default\">\n\t\t\t\t<div class=\"elementor-widget-container\">\n\t\t\t\t\t<h2 class=\"elementor-heading-title elementor-size-default\">Electric car charger installation<\/h2>\t\t\t\t<\/div>\n\t\t\t\t<\/div>\n\t\t\t\t\t<\/div>\n\t\t<\/div>\n\t\t\t\t\t<\/div>\n\t\t<\/section>\n\t\t\t\t<section class=\"elementor-section elementor-top-section elementor-element elementor-element-77c743c elementor-section-boxed elementor-section-height-default elementor-section-height-default\" data-id=\"77c743c\" data-element_type=\"section\" data-settings=\"{&quot;_ha_eqh_enable&quot;:false}\">\n\t\t\t\t\t\t<div class=\"elementor-container elementor-column-gap-default\">\n\t\t\t\t\t<div class=\"elementor-column elementor-col-100 elementor-top-column elementor-element elementor-element-0298d16\" data-id=\"0298d16\" data-element_type=\"column\">\n\t\t\t<div class=\"elementor-widget-wrap elementor-element-populated\">\n\t\t\t\t\t\t<section class=\"elementor-section elementor-inner-section elementor-element elementor-element-9f63ef4 elementor-section-boxed elementor-section-height-default elementor-section-height-default\" data-id=\"9f63ef4\" data-element_type=\"section\" data-settings=\"{&quot;_ha_eqh_enable&quot;:false}\">\n\t\t\t\t\t\t<div class=\"elementor-container elementor-column-gap-default\">\n\t\t\t\t\t<div class=\"elementor-column elementor-col-50 elementor-inner-column elementor-element elementor-element-9c0afb7\" data-id=\"9c0afb7\" data-element_type=\"column\">\n\t\t\t<div class=\"elementor-widget-wrap elementor-element-populated\">\n\t\t\t\t\t\t<div class=\"elementor-element elementor-element-2d62f4c elementor-widget elementor-widget-image\" data-id=\"2d62f4c\" data-element_type=\"widget\" data-widget_type=\"image.default\">\n\t\t\t\t<div class=\"elementor-widget-container\">\n\t\t\t\t\t\t\t\t\t\t\t\t\t\t\t<img fetchpriority=\"high\" decoding=\"async\" width=\"1200\" height=\"800\" src=\"https:\/\/www.yuxtaenergy.hu\/wp-content\/uploads\/2023\/10\/elektromos_auto_tolto.jpg\" class=\"attachment-full size-full wp-image-5472\" alt=\"elektromos aut\u00f3 t\u00f6lt\u0151 telep\u00edt\u00e9s\" srcset=\"https:\/\/www.yuxtaenergy.hu\/wp-content\/uploads\/2023\/10\/elektromos_auto_tolto.jpg 1200w, https:\/\/www.yuxtaenergy.hu\/wp-content\/uploads\/2023\/10\/elektromos_auto_tolto-300x200.jpg 300w, https:\/\/www.yuxtaenergy.hu\/wp-content\/uploads\/2023\/10\/elektromos_auto_tolto-1024x683.jpg 1024w, https:\/\/www.yuxtaenergy.hu\/wp-content\/uploads\/2023\/10\/elektromos_auto_tolto-768x512.jpg 768w\" sizes=\"(max-width: 1200px) 100vw, 1200px\" \/>\t\t\t\t\t\t\t\t\t\t\t\t\t\t\t<\/div>\n\t\t\t\t<\/div>\n\t\t\t\t\t<\/div>\n\t\t<\/div>\n\t\t\t\t<div class=\"elementor-column elementor-col-50 elementor-inner-column elementor-element elementor-element-1e88dbd\" data-id=\"1e88dbd\" data-element_type=\"column\">\n\t\t\t<div class=\"elementor-widget-wrap elementor-element-populated\">\n\t\t\t\t\t\t<div class=\"elementor-element elementor-element-2a7cdab elementor-widget elementor-widget-text-editor\" data-id=\"2a7cdab\" data-element_type=\"widget\" data-widget_type=\"text-editor.default\">\n\t\t\t\t<div class=\"elementor-widget-container\">\n\t\t\t\t\t\t\t\t\t<p>Electric car chargers help to recharge the battery of electric vehicles or plug-in hybrid vehicles. Many vehicles have a simple wall socket charging cable, but this typically takes a very long time to recharge the vehicle's battery.<\/p><p><span style=\"color: #8f0043;\"><strong>With a wall charger, charging time is shorter, the process is safer and charging activity can be monitored via the charger's software.<\/strong><\/span><\/p><p>If the property is also equipped with a solar PV system and a smart meter, and a smart charger that can communicate with the inverter is installed, a number of additional features will be available to improve the energy management and comfort of the property.<\/p>\t\t\t\t\t\t\t\t<\/div>\n\t\t\t\t<\/div>\n\t\t\t\t\t<\/div>\n\t\t<\/div>\n\t\t\t\t\t<\/div>\n\t\t<\/section>\n\t\t\t\t<section class=\"elementor-section elementor-inner-section elementor-element elementor-element-5d85f88 elementor-section-boxed elementor-section-height-default elementor-section-height-default\" data-id=\"5d85f88\" data-element_type=\"section\" data-settings=\"{&quot;_ha_eqh_enable&quot;:false}\">\n\t\t\t\t\t\t<div class=\"elementor-container elementor-column-gap-default\">\n\t\t\t\t\t<div class=\"elementor-column elementor-col-50 elementor-inner-column elementor-element elementor-element-8a2a5ab\" data-id=\"8a2a5ab\" data-element_type=\"column\">\n\t\t\t<div class=\"elementor-widget-wrap elementor-element-populated\">\n\t\t\t\t\t\t<div class=\"elementor-element elementor-element-916310a elementor-widget elementor-widget-text-editor\" data-id=\"916310a\" data-element_type=\"widget\" data-widget_type=\"text-editor.default\">\n\t\t\t\t<div class=\"elementor-widget-container\">\n\t\t\t\t\t\t\t\t\t<span style=\"color: #fcaf17;\"><strong>The following functions can be set:<\/strong><\/span>\n<ul>\n \t<li>charging from the solar panel system <span style=\"color: #8f0043;\"><strong>give preference to<\/strong><\/span> the charger, i.e. charge when the solar system is producing<\/li>\n \t<li><span style=\"color: #8f0043;\"><strong>scheduled charging<\/strong><\/span> (for example, only charge at night)<\/li>\n \t<li><span style=\"color: #8f0043;\"><strong>dynamic charging<\/strong><\/span>, whereby the charger can control the charging of the car in relation to the consumption of the house (if the house has a high consumption, it will cut down or switch off, thus avoiding blowing the fuses)<\/li>\n \t<li><span style=\"color: #8f0043;\"><strong>through the app<\/strong><\/span> control the charger, even remotely<\/li>\n<\/ul>\t\t\t\t\t\t\t\t<\/div>\n\t\t\t\t<\/div>\n\t\t\t\t\t<\/div>\n\t\t<\/div>\n\t\t\t\t<div class=\"elementor-column elementor-col-50 elementor-inner-column elementor-element elementor-element-3f59f35\" data-id=\"3f59f35\" data-element_type=\"column\">\n\t\t\t<div class=\"elementor-widget-wrap elementor-element-populated\">\n\t\t\t\t\t\t<div class=\"elementor-element elementor-element-9cb7e2c elementor-widget elementor-widget-image\" data-id=\"9cb7e2c\" data-element_type=\"widget\" data-widget_type=\"image.default\">\n\t\t\t\t<div class=\"elementor-widget-container\">\n\t\t\t\t\t\t\t\t\t\t\t\t\t\t\t<img decoding=\"async\" width=\"1200\" height=\"800\" src=\"https:\/\/www.yuxtaenergy.hu\/wp-content\/uploads\/2023\/10\/elektromos_auto_tolto_02.jpg\" class=\"attachment-full size-full wp-image-5473\" alt=\"elektromos aut\u00f3 t\u00f6lt\u0151 telep\u00edt\u00e9s\" srcset=\"https:\/\/www.yuxtaenergy.hu\/wp-content\/uploads\/2023\/10\/elektromos_auto_tolto_02.jpg 1200w, https:\/\/www.yuxtaenergy.hu\/wp-content\/uploads\/2023\/10\/elektromos_auto_tolto_02-300x200.jpg 300w, https:\/\/www.yuxtaenergy.hu\/wp-content\/uploads\/2023\/10\/elektromos_auto_tolto_02-1024x683.jpg 1024w, https:\/\/www.yuxtaenergy.hu\/wp-content\/uploads\/2023\/10\/elektromos_auto_tolto_02-768x512.jpg 768w\" sizes=\"(max-width: 1200px) 100vw, 1200px\" \/>\t\t\t\t\t\t\t\t\t\t\t\t\t\t\t<\/div>\n\t\t\t\t<\/div>\n\t\t\t\t\t<\/div>\n\t\t<\/div>\n\t\t\t\t\t<\/div>\n\t\t<\/section>\n\t\t\t\t\t<\/div>\n\t\t<\/div>\n\t\t\t\t\t<\/div>\n\t\t<\/section>\n\t\t\t\t<section class=\"elementor-section elementor-top-section elementor-element elementor-element-3a5f707 elementor-section-boxed elementor-section-height-default elementor-section-height-default\" data-id=\"3a5f707\" data-element_type=\"section\" data-settings=\"{&quot;_ha_eqh_enable&quot;:false}\">\n\t\t\t\t\t\t<div class=\"elementor-container elementor-column-gap-default\">\n\t\t\t\t\t<div class=\"elementor-column elementor-col-100 elementor-top-column elementor-element elementor-element-916e188\" data-id=\"916e188\" data-element_type=\"column\">\n\t\t\t<div class=\"elementor-widget-wrap elementor-element-populated\">\n\t\t\t\t\t\t<div class=\"elementor-element elementor-element-9bb0a34 elementor-widget elementor-widget-text-editor\" data-id=\"9bb0a34\" data-element_type=\"widget\" data-widget_type=\"text-editor.default\">\n\t\t\t\t<div class=\"elementor-widget-container\">\n\t\t\t\t\t\t\t\t\t<p>Our offer<\/p>\t\t\t\t\t\t\t\t<\/div>\n\t\t\t\t<\/div>\n\t\t\t\t<section class=\"elementor-section elementor-inner-section elementor-element elementor-element-1d95ab5 elementor-section-boxed elementor-section-height-default elementor-section-height-default\" data-id=\"1d95ab5\" data-element_type=\"section\" data-settings=\"{&quot;_ha_eqh_enable&quot;:false}\">\n\t\t\t\t\t\t<div class=\"elementor-container elementor-column-gap-default\">\n\t\t\t\t\t<div class=\"elementor-column elementor-col-50 elementor-inner-column elementor-element elementor-element-4d02228\" data-id=\"4d02228\" data-element_type=\"column\">\n\t\t\t<div class=\"elementor-widget-wrap elementor-element-populated\">\n\t\t\t\t\t\t<div class=\"elementor-element elementor-element-f7422b6 elementor-position-top elementor-widget elementor-widget-image-box\" data-id=\"f7422b6\" data-element_type=\"widget\" data-widget_type=\"image-box.default\">\n\t\t\t\t<div class=\"elementor-widget-container\">\n\t\t\t\t\t<div class=\"elementor-image-box-wrapper\"><figure class=\"elementor-image-box-img\"><img decoding=\"async\" width=\"310\" height=\"355\" src=\"https:\/\/www.yuxtaenergy.hu\/wp-content\/uploads\/2023\/11\/elektromos_auto_tolto.jpg\" class=\"attachment-full size-full wp-image-5495\" alt=\"elektromos aut\u00f3 t\u00f6lt\u0151 telep\u00edt\u00e9se\" srcset=\"https:\/\/www.yuxtaenergy.hu\/wp-content\/uploads\/2023\/11\/elektromos_auto_tolto.jpg 310w, https:\/\/www.yuxtaenergy.hu\/wp-content\/uploads\/2023\/11\/elektromos_auto_tolto-262x300.jpg 262w\" sizes=\"(max-width: 310px) 100vw, 310px\" \/><\/figure><div class=\"elementor-image-box-content\"><h3 class=\"elementor-image-box-title\">Enel-X JuiceBox electric fast charger<\/h3><p class=\"elementor-image-box-description\"><ul>\n \t<li>Operation independent of the solar system<\/li>\n \t<li>Wall-mountable design<\/li>\n \t<li>Up to 22 kW charging power<\/li>\n \t<li>Phone app with a range of convenience features<\/li>\n<\/ul><\/p><\/div><\/div>\t\t\t\t<\/div>\n\t\t\t\t<\/div>\n\t\t\t\t\t<\/div>\n\t\t<\/div>\n\t\t\t\t<div class=\"elementor-column elementor-col-50 elementor-inner-column elementor-element elementor-element-8237709\" data-id=\"8237709\" data-element_type=\"column\">\n\t\t\t<div class=\"elementor-widget-wrap elementor-element-populated\">\n\t\t\t\t\t\t<div class=\"elementor-element elementor-element-de41b44 elementor-position-top elementor-widget elementor-widget-image-box\" data-id=\"de41b44\" data-element_type=\"widget\" data-widget_type=\"image-box.default\">\n\t\t\t\t<div class=\"elementor-widget-container\">\n\t\t\t\t\t<div class=\"elementor-image-box-wrapper\"><figure class=\"elementor-image-box-img\"><img loading=\"lazy\" decoding=\"async\" width=\"407\" height=\"272\" src=\"https:\/\/www.yuxtaenergy.hu\/wp-content\/uploads\/2023\/11\/elektromos_auto_tolto_02.jpg\" class=\"attachment-full size-full wp-image-5496\" alt=\"\" srcset=\"https:\/\/www.yuxtaenergy.hu\/wp-content\/uploads\/2023\/11\/elektromos_auto_tolto_02.jpg 407w, https:\/\/www.yuxtaenergy.hu\/wp-content\/uploads\/2023\/11\/elektromos_auto_tolto_02-300x200.jpg 300w\" sizes=\"(max-width: 407px) 100vw, 407px\" \/><\/figure><div class=\"elementor-image-box-content\"><h3 class=\"elementor-image-box-title\">Huawei Smart Charger electric fast charger<\/h3><p class=\"elementor-image-box-description\"><ul>\n \t<li>Up to 22 kW charging power<\/li>\n \t<li>Huawei communicates with inverter<\/li>\n \t<li>A common application with the inverter, where, in addition to the convenience functions, synchronised operation with the solar system is available<\/li>\n<\/ul><\/p><\/div><\/div>\t\t\t\t<\/div>\n\t\t\t\t<\/div>\n\t\t\t\t\t<\/div>\n\t\t<\/div>\n\t\t\t\t\t<\/div>\n\t\t<\/section>\n\t\t\t\t\t<\/div>\n\t\t<\/div>\n\t\t\t\t\t<\/div>\n\t\t<\/section>\n\t\t\t\t<section class=\"elementor-section elementor-top-section elementor-element elementor-element-38f873a elementor-section-boxed elementor-section-height-default elementor-section-height-default\" data-id=\"38f873a\" data-element_type=\"section\" data-settings=\"{&quot;_ha_eqh_enable&quot;:false}\">\n\t\t\t\t\t\t<div class=\"elementor-container elementor-column-gap-default\">\n\t\t\t\t\t<div class=\"elementor-column elementor-col-100 elementor-top-column elementor-element elementor-element-0ce3eab\" data-id=\"0ce3eab\" data-element_type=\"column\">\n\t\t\t<div class=\"elementor-widget-wrap elementor-element-populated\">\n\t\t\t\t\t\t<div class=\"elementor-element elementor-element-b7ea01d elementor-widget elementor-widget-text-editor\" data-id=\"b7ea01d\" data-element_type=\"widget\" data-widget_type=\"text-editor.default\">\n\t\t\t\t<div class=\"elementor-widget-container\">\n\t\t\t\t\t\t\t\t\t<p>Get a quote for an electric car charger installation from YUXTA!<\/p>\t\t\t\t\t\t\t\t<\/div>\n\t\t\t\t<\/div>\n\t\t\t\t\t<\/div>\n\t\t<\/div>\n\t\t\t\t\t<\/div>\n\t\t<\/section>\n\t\t\t\t<section class=\"elementor-section elementor-top-section elementor-element elementor-element-a633dbc elementor-section-boxed elementor-section-height-default elementor-section-height-default\" data-id=\"a633dbc\" data-element_type=\"section\" data-settings=\"{&quot;background_background&quot;:&quot;classic&quot;,&quot;_ha_eqh_enable&quot;:false}\">\n\t\t\t\t\t\t\t<div class=\"elementor-background-overlay\"><\/div>\n\t\t\t\t\t\t\t<div class=\"elementor-container elementor-column-gap-default\">\n\t\t\t\t\t<div class=\"elementor-column elementor-col-100 elementor-top-column elementor-element elementor-element-b255d6d\" data-id=\"b255d6d\" data-element_type=\"column\">\n\t\t\t<div class=\"elementor-widget-wrap elementor-element-populated\">\n\t\t\t\t\t\t<div class=\"elementor-element elementor-element-93264d7 elementor-widget elementor-widget-heading\" data-id=\"93264d7\" data-element_type=\"widget\" data-widget_type=\"heading.default\">\n\t\t\t\t<div class=\"elementor-widget-container\">\n\t\t\t\t\t<h2 class=\"elementor-heading-title elementor-size-default\">Ask for our offer!<\/h2>\t\t\t\t<\/div>\n\t\t\t\t<\/div>\n\t\t\t\t<div class=\"elementor-element elementor-element-2aaa32d elementor-widget elementor-widget-text-editor\" data-id=\"2aaa32d\" data-element_type=\"widget\" data-widget_type=\"text-editor.default\">\n\t\t\t\t<div class=\"elementor-widget-container\">\n\t\t\t\t\t\t\t\t\t<p><span style=\"font-weight: 400;\">We have installed e-chargers in electric cars and solar systems for many of our customers. Be one of our satisfied customers!<br \/><\/span><\/p>\t\t\t\t\t\t\t\t<\/div>\n\t\t\t\t<\/div>\n\t\t\t\t<div class=\"elementor-element elementor-element-54254ec elementor-widget elementor-widget-html\" data-id=\"54254ec\" data-element_type=\"widget\" data-widget_type=\"html.default\">\n\t\t\t\t<div class=\"elementor-widget-container\">\n\t\t\t\t\t<script async src='https:\/\/r3.minicrm.hu\/api\/loader.js?58948-0eitvuklxe015jxnr6zp'><\/script>\t\t\t\t<\/div>\n\t\t\t\t<\/div>\n\t\t\t\t\t<\/div>\n\t\t<\/div>\n\t\t\t\t\t<\/div>\n\t\t<\/section>\n\t\t\t\t<\/div>","protected":false},"excerpt":{"rendered":"<p>Elektromos aut\u00f3 t\u00f6lt\u0151 telep\u00edt\u00e9se Az elektromos aut\u00f3 t\u00f6lt\u0151k az elektromos j\u00e1rm\u0171vek vagy plug-in hibrid j\u00e1rm\u0171vek akkumul\u00e1tor\u00e1nak \u00fajrat\u00f6lt\u00e9s\u00e9t seg\u00edtik. Sz\u00e1mos g\u00e9pj\u00e1rm\u0171 rendelkezik egyszer\u0171 fali aljzatba dughat\u00f3 t\u00f6lt\u0151k\u00e1bellel, ugyanakkor jellemz\u0151en \u00edgy csak nagyon lassan t\u00f6lthet\u0151 fel a g\u00e9pj\u00e1rm\u0171vek akkumul\u00e1tora. Fali t\u00f6lt\u0151vel a t\u00f6lt\u00e9si id\u0151 ler\u00f6vid\u00fcl, a folyamat is biztons\u00e1gosabb\u00e1 v\u00e1lik, valamint a t\u00f6lt\u0151 szoftver\u00e9n kereszt\u00fcl a t\u00f6lt\u00e9si [&hellip;]<\/p>\n","protected":false},"author":1,"featured_media":5169,"parent":4764,"menu_order":0,"comment_status":"closed","ping_status":"closed","template":"","meta":{"_acf_changed":false,"site-sidebar-layout":"no-sidebar","site-content-layout":"page-builder","ast-site-content-layout":"default","site-content-style":"default","site-sidebar-style":"default","ast-global-header-display":"","ast-banner-title-visibility":"","ast-main-header-display":"","ast-hfb-above-header-display":"","ast-hfb-below-header-display":"","ast-hfb-mobile-header-display":"","site-post-title":"disabled","ast-breadcrumbs-content":"","ast-featured-img":"disabled","footer-sml-layout":"","theme-transparent-header-meta":"default","adv-header-id-meta":"","stick-header-meta":"default","header-above-stick-meta":"","header-main-stick-meta":"","header-below-stick-meta":"","astra-migrate-meta-layouts":"default","ast-page-background-enabled":"default","ast-page-background-meta":{"desktop":{"background-color":"","background-image":"","background-repeat":"repeat","background-position":"center center","background-size":"auto","background-attachment":"scroll","background-type":"","background-media":"","overlay-type":"","overlay-color":"","overlay-opacity":"","overlay-gradient":""},"tablet":{"background-color":"","background-image":"","background-repeat":"repeat","background-position":"center center","background-size":"auto","background-attachment":"scroll","background-type":"","background-media":"","overlay-type":"","overlay-color":"","overlay-opacity":"","overlay-gradient":""},"mobile":{"background-color":"","background-image":"","background-repeat":"repeat","background-position":"center center","background-size":"auto","background-attachment":"scroll","background-type":"","background-media":"","overlay-type":"","overlay-color":"","overlay-opacity":"","overlay-gradient":""}},"ast-content-background-meta":{"desktop":{"background-color":"var(--ast-global-color-5)","background-image":"","background-repeat":"repeat","background-position":"center center","background-size":"auto","background-attachment":"scroll","background-type":"","background-media":"","overlay-type":"","overlay-color":"","overlay-opacity":"","overlay-gradient":""},"tablet":{"background-color":"var(--ast-global-color-5)","background-image":"","background-repeat":"repeat","background-position":"center center","background-size":"auto","background-attachment":"scroll","background-type":"","background-media":"","overlay-type":"","overlay-color":"","overlay-opacity":"","overlay-gradient":""},"mobile":{"background-color":"var(--ast-global-color-5)","background-image":"","background-repeat":"repeat","background-position":"center center","background-size":"auto","background-attachment":"scroll","background-type":"","background-media":"","overlay-type":"","overlay-color":"","overlay-opacity":"","overlay-gradient":""}},"footnotes":""},"class_list":["post-5162","page","type-page","status-publish","has-post-thumbnail","hentry"],"acf":[],"_links":{"self":[{"href":"https:\/\/www.yuxtaenergy.hu\/en\/wp-json\/wp\/v2\/pages\/5162","targetHints":{"allow":["GET"]}}],"collection":[{"href":"https:\/\/www.yuxtaenergy.hu\/en\/wp-json\/wp\/v2\/pages"}],"about":[{"href":"https:\/\/www.yuxtaenergy.hu\/en\/wp-json\/wp\/v2\/types\/page"}],"author":[{"embeddable":true,"href":"https:\/\/www.yuxtaenergy.hu\/en\/wp-json\/wp\/v2\/users\/1"}],"replies":[{"embeddable":true,"href":"https:\/\/www.yuxtaenergy.hu\/en\/wp-json\/wp\/v2\/comments?post=5162"}],"version-history":[{"count":18,"href":"https:\/\/www.yuxtaenergy.hu\/en\/wp-json\/wp\/v2\/pages\/5162\/revisions"}],"predecessor-version":[{"id":5505,"href":"https:\/\/www.yuxtaenergy.hu\/en\/wp-json\/wp\/v2\/pages\/5162\/revisions\/5505"}],"up":[{"embeddable":true,"href":"https:\/\/www.yuxtaenergy.hu\/en\/wp-json\/wp\/v2\/pages\/4764"}],"wp:featuredmedia":[{"embeddable":true,"href":"https:\/\/www.yuxtaenergy.hu\/en\/wp-json\/wp\/v2\/media\/5169"}],"wp:attachment":[{"href":"https:\/\/www.yuxtaenergy.hu\/en\/wp-json\/wp\/v2\/media?parent=5162"}],"curies":[{"name":"wp","href":"https:\/\/api.w.org\/{rel}","templated":true}]}}