{"id":5174,"date":"2023-04-06T07:17:10","date_gmt":"2023-04-06T06:17:10","guid":{"rendered":"https:\/\/www.yuxtaenergy.hu\/?page_id=5174"},"modified":"2023-12-14T16:03:55","modified_gmt":"2023-12-14T15:03:55","slug":"akkumulator","status":"publish","type":"page","link":"https:\/\/www.yuxtaenergy.hu\/en\/napelem-telepites-szolgaltatasaink\/akkumulator\/","title":{"rendered":"Battery systems"},"content":{"rendered":"<div data-elementor-type=\"wp-page\" data-elementor-id=\"5174\" class=\"elementor elementor-5174\" data-elementor-settings=\"{&quot;ha_cmc_init_switcher&quot;:&quot;no&quot;}\" data-elementor-post-type=\"page\">\n\t\t\t\t\t\t<section class=\"elementor-section elementor-top-section elementor-element elementor-element-5f96195 elementor-section-boxed elementor-section-height-default elementor-section-height-default\" data-id=\"5f96195\" data-element_type=\"section\" data-settings=\"{&quot;background_background&quot;:&quot;classic&quot;,&quot;_ha_eqh_enable&quot;:false}\">\n\t\t\t\t\t\t\t<div class=\"elementor-background-overlay\"><\/div>\n\t\t\t\t\t\t\t<div class=\"elementor-container elementor-column-gap-default\">\n\t\t\t\t\t<div class=\"elementor-column elementor-col-100 elementor-top-column elementor-element elementor-element-b092ad3\" data-id=\"b092ad3\" data-element_type=\"column\">\n\t\t\t<div class=\"elementor-widget-wrap elementor-element-populated\">\n\t\t\t\t\t\t<div class=\"elementor-element elementor-element-ef464e0 elementor-widget elementor-widget-heading\" data-id=\"ef464e0\" data-element_type=\"widget\" data-widget_type=\"heading.default\">\n\t\t\t\t<div class=\"elementor-widget-container\">\n\t\t\t\t\t<h2 class=\"elementor-heading-title elementor-size-default\">Residential energy storage solar systems with support<\/h2>\t\t\t\t<\/div>\n\t\t\t\t<\/div>\n\t\t\t\t\t<\/div>\n\t\t<\/div>\n\t\t\t\t\t<\/div>\n\t\t<\/section>\n\t\t\t\t<section class=\"elementor-section elementor-top-section elementor-element elementor-element-77c743c elementor-section-boxed elementor-section-height-default elementor-section-height-default\" data-id=\"77c743c\" data-element_type=\"section\" data-settings=\"{&quot;_ha_eqh_enable&quot;:false}\">\n\t\t\t\t\t\t<div class=\"elementor-container elementor-column-gap-default\">\n\t\t\t\t\t<div class=\"elementor-column elementor-col-50 elementor-top-column elementor-element elementor-element-bc8fe1e\" data-id=\"bc8fe1e\" data-element_type=\"column\">\n\t\t\t<div class=\"elementor-widget-wrap elementor-element-populated\">\n\t\t\t\t\t\t<div class=\"elementor-element elementor-element-4fa87e4 elementor-widget elementor-widget-image\" data-id=\"4fa87e4\" data-element_type=\"widget\" data-widget_type=\"image.default\">\n\t\t\t\t<div class=\"elementor-widget-container\">\n\t\t\t\t\t\t\t\t\t\t\t\t\t\t\t<img fetchpriority=\"high\" decoding=\"async\" width=\"749\" height=\"800\" src=\"https:\/\/www.yuxtaenergy.hu\/wp-content\/uploads\/2023\/12\/energiatarolos_napelem_rendszer.jpg\" class=\"attachment-full size-full wp-image-5550\" alt=\"energiat\u00e1rol\u00f3s napelem rendszer\" srcset=\"https:\/\/www.yuxtaenergy.hu\/wp-content\/uploads\/2023\/12\/energiatarolos_napelem_rendszer.jpg 749w, https:\/\/www.yuxtaenergy.hu\/wp-content\/uploads\/2023\/12\/energiatarolos_napelem_rendszer-281x300.jpg 281w, https:\/\/www.yuxtaenergy.hu\/wp-content\/uploads\/2023\/12\/energiatarolos_napelem_rendszer-11x12.jpg 11w\" sizes=\"(max-width: 749px) 100vw, 749px\" \/>\t\t\t\t\t\t\t\t\t\t\t\t\t\t\t<\/div>\n\t\t\t\t<\/div>\n\t\t\t\t\t<\/div>\n\t\t<\/div>\n\t\t\t\t<div class=\"elementor-column elementor-col-50 elementor-top-column elementor-element elementor-element-0298d16\" data-id=\"0298d16\" data-element_type=\"column\">\n\t\t\t<div class=\"elementor-widget-wrap elementor-element-populated\">\n\t\t\t\t\t\t<div class=\"elementor-element elementor-element-2a7cdab elementor-widget elementor-widget-text-editor\" data-id=\"2a7cdab\" data-element_type=\"widget\" data-widget_type=\"text-editor.default\">\n\t\t\t\t<div class=\"elementor-widget-container\">\n\t\t\t\t\t\t\t\t\t<p><strong>Batteries attached to solar systems<\/strong>, energy storage devices, devices that <strong>produced by the solar system<\/strong> and was not used in our apartment at the time of production <strong>energy is stored<\/strong>. If the installed solar system does not have energy storage, the unused energy is fed back into the network. However, in the event that grid feed-in is limited or the price of fed energy is lower than the price of energy purchased from the grid, then <strong>energy stored in batteries can be used by homeowners and businesses when the sun is not shining or when energy demand is greater than production.<\/strong> In the meantime, users save energy costs and the network is less burdened.<\/p><p>The battery solutions that can be connected to the hybrid inverter in our offer are available in several sizes and capacities according to the needs.<\/p>\t\t\t\t\t\t\t\t<\/div>\n\t\t\t\t<\/div>\n\t\t\t\t\t<\/div>\n\t\t<\/div>\n\t\t\t\t\t<\/div>\n\t\t<\/section>\n\t\t\t\t<section class=\"elementor-section elementor-top-section elementor-element elementor-element-1129a49 elementor-section-boxed elementor-section-height-default elementor-section-height-default\" data-id=\"1129a49\" data-element_type=\"section\" data-settings=\"{&quot;_ha_eqh_enable&quot;:false}\">\n\t\t\t\t\t\t<div class=\"elementor-container elementor-column-gap-default\">\n\t\t\t\t\t<div class=\"elementor-column elementor-col-100 elementor-top-column elementor-element elementor-element-5ab4c58\" data-id=\"5ab4c58\" data-element_type=\"column\">\n\t\t\t<div class=\"elementor-widget-wrap elementor-element-populated\">\n\t\t\t\t\t\t<div class=\"elementor-element elementor-element-98fcf83 elementor-widget elementor-widget-text-editor\" data-id=\"98fcf83\" data-element_type=\"widget\" data-widget_type=\"text-editor.default\">\n\t\t\t\t<div class=\"elementor-widget-container\">\n\t\t\t\t\t\t\t\t\t<p><span style=\"color: #8f0043;\"><strong>The Napenergia Plusz Program was launched to support the construction of residential energy storage solar systems, where a subsidy of up to HUF 5,000,000 can be applied for the construction of an energy storage system with a capacity of up to 10 kWh:<\/strong><\/span><\/p><ul><li>It is mandatory to apply for a solar panel and storage together, but only new investment can be supported, which will already operate according to gross accounting<\/li><li>The installation of the solar panel is possible with a minimum 4, maximum 5 kW power inverter, a minimum 7.5, maximum 10 kWh capacity storage<\/li><li>At least 34% of the project budget must be self-funded<\/li><li>Support requests are evaluated in the order they are submitted<\/li><li>Pre-registration starts on January 15, 2024<\/li><\/ul><p>Get a quote for battery system design and sizing!<\/p>\t\t\t\t\t\t\t\t<\/div>\n\t\t\t\t<\/div>\n\t\t\t\t\t<\/div>\n\t\t<\/div>\n\t\t\t\t\t<\/div>\n\t\t<\/section>\n\t\t\t\t<section class=\"elementor-section elementor-top-section elementor-element elementor-element-87ab1a0 elementor-section-boxed elementor-section-height-default elementor-section-height-default\" data-id=\"87ab1a0\" data-element_type=\"section\" data-settings=\"{&quot;background_background&quot;:&quot;classic&quot;,&quot;_ha_eqh_enable&quot;:false}\">\n\t\t\t\t\t\t\t<div class=\"elementor-background-overlay\"><\/div>\n\t\t\t\t\t\t\t<div class=\"elementor-container elementor-column-gap-default\">\n\t\t\t\t\t<div class=\"elementor-column elementor-col-100 elementor-top-column elementor-element elementor-element-14744ba\" data-id=\"14744ba\" data-element_type=\"column\">\n\t\t\t<div class=\"elementor-widget-wrap elementor-element-populated\">\n\t\t\t\t\t\t<div class=\"elementor-element elementor-element-8f28fb3 elementor-widget elementor-widget-heading\" data-id=\"8f28fb3\" data-element_type=\"widget\" data-widget_type=\"heading.default\">\n\t\t\t\t<div class=\"elementor-widget-container\">\n\t\t\t\t\t<h2 class=\"elementor-heading-title elementor-size-default\">Ask for our offer!<\/h2>\t\t\t\t<\/div>\n\t\t\t\t<\/div>\n\t\t\t\t<div class=\"elementor-element elementor-element-179d614 elementor-widget elementor-widget-html\" data-id=\"179d614\" data-element_type=\"widget\" data-widget_type=\"html.default\">\n\t\t\t\t<div class=\"elementor-widget-container\">\n\t\t\t\t\t<script async src='https:\/\/r3.minicrm.hu\/api\/loader.js?58948-0eitvuklxe015jxnr6zp'><\/script>\t\t\t\t<\/div>\n\t\t\t\t<\/div>\n\t\t\t\t\t<\/div>\n\t\t<\/div>\n\t\t\t\t\t<\/div>\n\t\t<\/section>\n\t\t\t\t<\/div>","protected":false},"excerpt":{"rendered":"<p>Lakoss\u00e1gi energiat\u00e1rol\u00f3s napelemes rendszerek t\u00e1mogat\u00e1ssal A napelemes rendszerekhez csatolt akkumul\u00e1torok, energiat\u00e1rol\u00f3k, olyan eszk\u00f6z\u00f6k, amelyek a napelemes rendszer \u00e1ltal termelt \u00e9s a termel\u00e9s id\u0151pillanat\u00e1ban a lak\u00e1sunkban fel nem haszn\u00e1lt energi\u00e1t t\u00e1rolj\u00e1k. Amennyiben nem rendelkezik a ki\u00e9p\u00edtett napelemes rendszer energiat\u00e1rol\u00f3val, a fel nem haszn\u00e1lt energia a h\u00e1l\u00f3zatba ker\u00fcl visszat\u00e1pl\u00e1l\u00e1sra. Abban az esetben azonban, ha a h\u00e1l\u00f3zati visszat\u00e1pl\u00e1l\u00e1s [&hellip;]<\/p>\n","protected":false},"author":1,"featured_media":5186,"parent":4764,"menu_order":0,"comment_status":"closed","ping_status":"closed","template":"","meta":{"_acf_changed":false,"site-sidebar-layout":"no-sidebar","site-content-layout":"page-builder","ast-site-content-layout":"default","site-content-style":"default","site-sidebar-style":"default","ast-global-header-display":"","ast-banner-title-visibility":"","ast-main-header-display":"","ast-hfb-above-header-display":"","ast-hfb-below-header-display":"","ast-hfb-mobile-header-display":"","site-post-title":"disabled","ast-breadcrumbs-content":"","ast-featured-img":"disabled","footer-sml-layout":"","theme-transparent-header-meta":"default","adv-header-id-meta":"","stick-header-meta":"default","header-above-stick-meta":"","header-main-stick-meta":"","header-below-stick-meta":"","astra-migrate-meta-layouts":"default","ast-page-background-enabled":"default","ast-page-background-meta":{"desktop":{"background-color":"","background-image":"","background-repeat":"repeat","background-position":"center center","background-size":"auto","background-attachment":"scroll","background-type":"","background-media":"","overlay-type":"","overlay-color":"","overlay-opacity":"","overlay-gradient":""},"tablet":{"background-color":"","background-image":"","background-repeat":"repeat","background-position":"center center","background-size":"auto","background-attachment":"scroll","background-type":"","background-media":"","overlay-type":"","overlay-color":"","overlay-opacity":"","overlay-gradient":""},"mobile":{"background-color":"","background-image":"","background-repeat":"repeat","background-position":"center center","background-size":"auto","background-attachment":"scroll","background-type":"","background-media":"","overlay-type":"","overlay-color":"","overlay-opacity":"","overlay-gradient":""}},"ast-content-background-meta":{"desktop":{"background-color":"var(--ast-global-color-5)","background-image":"","background-repeat":"repeat","background-position":"center center","background-size":"auto","background-attachment":"scroll","background-type":"","background-media":"","overlay-type":"","overlay-color":"","overlay-opacity":"","overlay-gradient":""},"tablet":{"background-color":"var(--ast-global-color-5)","background-image":"","background-repeat":"repeat","background-position":"center center","background-size":"auto","background-attachment":"scroll","background-type":"","background-media":"","overlay-type":"","overlay-color":"","overlay-opacity":"","overlay-gradient":""},"mobile":{"background-color":"var(--ast-global-color-5)","background-image":"","background-repeat":"repeat","background-position":"center center","background-size":"auto","background-attachment":"scroll","background-type":"","background-media":"","overlay-type":"","overlay-color":"","overlay-opacity":"","overlay-gradient":""}},"footnotes":""},"class_list":["post-5174","page","type-page","status-publish","has-post-thumbnail","hentry"],"acf":[],"_links":{"self":[{"href":"https:\/\/www.yuxtaenergy.hu\/en\/wp-json\/wp\/v2\/pages\/5174","targetHints":{"allow":["GET"]}}],"collection":[{"href":"https:\/\/www.yuxtaenergy.hu\/en\/wp-json\/wp\/v2\/pages"}],"about":[{"href":"https:\/\/www.yuxtaenergy.hu\/en\/wp-json\/wp\/v2\/types\/page"}],"author":[{"embeddable":true,"href":"https:\/\/www.yuxtaenergy.hu\/en\/wp-json\/wp\/v2\/users\/1"}],"replies":[{"embeddable":true,"href":"https:\/\/www.yuxtaenergy.hu\/en\/wp-json\/wp\/v2\/comments?post=5174"}],"version-history":[{"count":17,"href":"https:\/\/www.yuxtaenergy.hu\/en\/wp-json\/wp\/v2\/pages\/5174\/revisions"}],"predecessor-version":[{"id":5556,"href":"https:\/\/www.yuxtaenergy.hu\/en\/wp-json\/wp\/v2\/pages\/5174\/revisions\/5556"}],"up":[{"embeddable":true,"href":"https:\/\/www.yuxtaenergy.hu\/en\/wp-json\/wp\/v2\/pages\/4764"}],"wp:featuredmedia":[{"embeddable":true,"href":"https:\/\/www.yuxtaenergy.hu\/en\/wp-json\/wp\/v2\/media\/5186"}],"wp:attachment":[{"href":"https:\/\/www.yuxtaenergy.hu\/en\/wp-json\/wp\/v2\/media?parent=5174"}],"curies":[{"name":"wp","href":"https:\/\/api.w.org\/{rel}","templated":true}]}}