{"id":5491,"date":"2023-11-15T13:10:15","date_gmt":"2023-11-15T12:10:15","guid":{"rendered":"https:\/\/www.yuxtaenergy.hu\/?page_id=5491"},"modified":"2023-11-15T13:28:44","modified_gmt":"2023-11-15T12:28:44","slug":"elektromos-auto-tolto-telepites-referencia","status":"publish","type":"page","link":"https:\/\/www.yuxtaenergy.hu\/en\/referencia\/elektromos-auto-tolto-telepites-referencia\/","title":{"rendered":"Corporate References"},"content":{"rendered":"<div data-elementor-type=\"wp-page\" data-elementor-id=\"5491\" class=\"elementor elementor-5491\" data-elementor-settings=\"{&quot;ha_cmc_init_switcher&quot;:&quot;no&quot;}\" data-elementor-post-type=\"page\">\n\t\t\t\t\t\t<section class=\"elementor-section elementor-top-section elementor-element elementor-element-b56e4cc elementor-section-boxed elementor-section-height-default elementor-section-height-default\" data-id=\"b56e4cc\" data-element_type=\"section\" data-settings=\"{&quot;background_background&quot;:&quot;classic&quot;,&quot;_ha_eqh_enable&quot;:false}\">\n\t\t\t\t\t\t\t<div class=\"elementor-background-overlay\"><\/div>\n\t\t\t\t\t\t\t<div class=\"elementor-container elementor-column-gap-default\">\n\t\t\t\t\t<div class=\"elementor-column elementor-col-100 elementor-top-column elementor-element elementor-element-61a5e5f\" data-id=\"61a5e5f\" data-element_type=\"column\">\n\t\t\t<div class=\"elementor-widget-wrap elementor-element-populated\">\n\t\t\t\t\t\t<div class=\"elementor-element elementor-element-05cf61e elementor-widget elementor-widget-heading\" data-id=\"05cf61e\" data-element_type=\"widget\" data-widget_type=\"heading.default\">\n\t\t\t\t<div class=\"elementor-widget-container\">\n\t\t\t\t\t<h2 class=\"elementor-heading-title elementor-size-default\">Reference - Our electric car charger installations<\/h2>\t\t\t\t<\/div>\n\t\t\t\t<\/div>\n\t\t\t\t\t<\/div>\n\t\t<\/div>\n\t\t\t\t\t<\/div>\n\t\t<\/section>\n\t\t\t\t<section class=\"elementor-section elementor-top-section elementor-element elementor-element-1be635c elementor-section-boxed elementor-section-height-default elementor-section-height-default\" data-id=\"1be635c\" data-element_type=\"section\" data-settings=\"{&quot;_ha_eqh_enable&quot;:false}\">\n\t\t\t\t\t\t<div class=\"elementor-container elementor-column-gap-default\">\n\t\t\t\t\t<div class=\"elementor-column elementor-col-100 elementor-top-column elementor-element elementor-element-313b45a\" data-id=\"313b45a\" data-element_type=\"column\">\n\t\t\t<div class=\"elementor-widget-wrap elementor-element-populated\">\n\t\t\t\t\t\t<section class=\"elementor-section elementor-inner-section elementor-element elementor-element-ba19833 elementor-section-boxed elementor-section-height-default elementor-section-height-default\" data-id=\"ba19833\" data-element_type=\"section\" data-settings=\"{&quot;_ha_eqh_enable&quot;:false}\">\n\t\t\t\t\t\t<div class=\"elementor-container elementor-column-gap-default\">\n\t\t\t\t\t<div class=\"elementor-column elementor-col-50 elementor-inner-column elementor-element elementor-element-29d92e2\" data-id=\"29d92e2\" data-element_type=\"column\">\n\t\t\t<div class=\"elementor-widget-wrap elementor-element-populated\">\n\t\t\t\t\t\t<div class=\"elementor-element elementor-element-17f98d4 elementor-widget elementor-widget-image\" data-id=\"17f98d4\" data-element_type=\"widget\" data-widget_type=\"image.default\">\n\t\t\t\t<div class=\"elementor-widget-container\">\n\t\t\t\t\t\t\t\t\t\t\t\t\t\t\t<img fetchpriority=\"high\" decoding=\"async\" width=\"310\" height=\"355\" src=\"https:\/\/www.yuxtaenergy.hu\/wp-content\/uploads\/2023\/11\/elektromos_auto_tolto.jpg\" class=\"attachment-full size-full wp-image-5495\" alt=\"elektromos aut\u00f3 t\u00f6lt\u0151 telep\u00edt\u00e9se\" srcset=\"https:\/\/www.yuxtaenergy.hu\/wp-content\/uploads\/2023\/11\/elektromos_auto_tolto.jpg 310w, https:\/\/www.yuxtaenergy.hu\/wp-content\/uploads\/2023\/11\/elektromos_auto_tolto-262x300.jpg 262w\" sizes=\"(max-width: 310px) 100vw, 310px\" \/>\t\t\t\t\t\t\t\t\t\t\t\t\t\t\t<\/div>\n\t\t\t\t<\/div>\n\t\t\t\t\t<\/div>\n\t\t<\/div>\n\t\t\t\t<div class=\"elementor-column elementor-col-50 elementor-inner-column elementor-element elementor-element-fa1d4d6\" data-id=\"fa1d4d6\" data-element_type=\"column\">\n\t\t\t<div class=\"elementor-widget-wrap elementor-element-populated\">\n\t\t\t\t\t\t<div class=\"elementor-element elementor-element-8ab1103 elementor-widget elementor-widget-text-editor\" data-id=\"8ab1103\" data-element_type=\"widget\" data-widget_type=\"text-editor.default\">\n\t\t\t\t<div class=\"elementor-widget-container\">\n\t\t\t\t\t\t\t\t\t<h3>Enel-X JuiceBox electric fast charger<\/h3><p>A popular choice for our retail customers <span style=\"color: #fcaf17;\"><strong>Enel-X JuiceBox electric fast charger<\/strong><\/span>, which we have already gained considerable experience in installing.<\/p><p>The benefits of the Enel-X JuiceBox electric fast charger:<\/p><ul><li>Operation independent of the solar system<\/li><li>Wall-mountable design<\/li><li>Up to 22 kW charging power<\/li><li>Phone app with a range of convenience features<\/li><\/ul>\t\t\t\t\t\t\t\t<\/div>\n\t\t\t\t<\/div>\n\t\t\t\t\t<\/div>\n\t\t<\/div>\n\t\t\t\t\t<\/div>\n\t\t<\/section>\n\t\t\t\t<section class=\"elementor-section elementor-inner-section elementor-element elementor-element-ef2997a elementor-section-boxed elementor-section-height-default elementor-section-height-default\" data-id=\"ef2997a\" data-element_type=\"section\" data-settings=\"{&quot;_ha_eqh_enable&quot;:false}\">\n\t\t\t\t\t\t<div class=\"elementor-container elementor-column-gap-default\">\n\t\t\t\t\t<div class=\"elementor-column elementor-col-50 elementor-inner-column elementor-element elementor-element-829b4f2\" data-id=\"829b4f2\" data-element_type=\"column\">\n\t\t\t<div class=\"elementor-widget-wrap elementor-element-populated\">\n\t\t\t\t\t\t<div class=\"elementor-element elementor-element-c21cd1a elementor-widget elementor-widget-text-editor\" data-id=\"c21cd1a\" data-element_type=\"widget\" data-widget_type=\"text-editor.default\">\n\t\t\t\t<div class=\"elementor-widget-container\">\n\t\t\t\t\t\t\t\t\t<h3>Huawei Smart Charger electric fast charger<\/h3><p>New product in our range is <span style=\"color: #fcaf17;\"><strong>Huawei Smart Charger electric fast charger<\/strong><\/span>, installed for a customer with a Huawei inverter.<\/p><p>Features:<\/p><ul><li>Up to 22 kW charging power<\/li><li>Huawei communicates with inverter<\/li><li>A common application with the inverter, where, in addition to the convenience functions, synchronised operation with the solar system is available<\/li><\/ul>\t\t\t\t\t\t\t\t<\/div>\n\t\t\t\t<\/div>\n\t\t\t\t\t<\/div>\n\t\t<\/div>\n\t\t\t\t<div class=\"elementor-column elementor-col-50 elementor-inner-column elementor-element elementor-element-ab08140\" data-id=\"ab08140\" data-element_type=\"column\">\n\t\t\t<div class=\"elementor-widget-wrap elementor-element-populated\">\n\t\t\t\t\t\t<div class=\"elementor-element elementor-element-bff4a29 elementor-widget elementor-widget-image\" data-id=\"bff4a29\" data-element_type=\"widget\" data-widget_type=\"image.default\">\n\t\t\t\t<div class=\"elementor-widget-container\">\n\t\t\t\t\t\t\t\t\t\t\t\t\t\t\t<img decoding=\"async\" width=\"407\" height=\"272\" src=\"https:\/\/www.yuxtaenergy.hu\/wp-content\/uploads\/2023\/11\/elektromos_auto_tolto_02.jpg\" class=\"attachment-full size-full wp-image-5496\" alt=\"\" srcset=\"https:\/\/www.yuxtaenergy.hu\/wp-content\/uploads\/2023\/11\/elektromos_auto_tolto_02.jpg 407w, https:\/\/www.yuxtaenergy.hu\/wp-content\/uploads\/2023\/11\/elektromos_auto_tolto_02-300x200.jpg 300w\" sizes=\"(max-width: 407px) 100vw, 407px\" \/>\t\t\t\t\t\t\t\t\t\t\t\t\t\t\t<\/div>\n\t\t\t\t<\/div>\n\t\t\t\t\t<\/div>\n\t\t<\/div>\n\t\t\t\t\t<\/div>\n\t\t<\/section>\n\t\t\t\t<div class=\"elementor-element elementor-element-1110bc8 elementor-widget elementor-widget-text-editor\" data-id=\"1110bc8\" data-element_type=\"widget\" data-widget_type=\"text-editor.default\">\n\t\t\t\t<div class=\"elementor-widget-container\">\n\t\t\t\t\t\t\t\t\t<p>Do you need an electric car charger installation?<br \/>Ask for our offer!<\/p>\t\t\t\t\t\t\t\t<\/div>\n\t\t\t\t<\/div>\n\t\t\t\t\t<\/div>\n\t\t<\/div>\n\t\t\t\t\t<\/div>\n\t\t<\/section>\n\t\t\t\t<section class=\"elementor-section elementor-top-section elementor-element elementor-element-0dcb3c1 elementor-section-boxed elementor-section-height-default elementor-section-height-default\" data-id=\"0dcb3c1\" data-element_type=\"section\" data-settings=\"{&quot;background_background&quot;:&quot;classic&quot;,&quot;_ha_eqh_enable&quot;:false}\">\n\t\t\t\t\t\t\t<div class=\"elementor-background-overlay\"><\/div>\n\t\t\t\t\t\t\t<div class=\"elementor-container elementor-column-gap-default\">\n\t\t\t\t\t<div class=\"elementor-column elementor-col-100 elementor-top-column elementor-element elementor-element-25069f3\" data-id=\"25069f3\" data-element_type=\"column\">\n\t\t\t<div class=\"elementor-widget-wrap elementor-element-populated\">\n\t\t\t\t\t\t<div class=\"elementor-element elementor-element-c6e7ea2 elementor-widget elementor-widget-heading\" data-id=\"c6e7ea2\" data-element_type=\"widget\" data-widget_type=\"heading.default\">\n\t\t\t\t<div class=\"elementor-widget-container\">\n\t\t\t\t\t<h2 class=\"elementor-heading-title elementor-size-default\">Ask for our offer!<\/h2>\t\t\t\t<\/div>\n\t\t\t\t<\/div>\n\t\t\t\t<div class=\"elementor-element elementor-element-8d7836e elementor-widget elementor-widget-text-editor\" data-id=\"8d7836e\" data-element_type=\"widget\" data-widget_type=\"text-editor.default\">\n\t\t\t\t<div class=\"elementor-widget-container\">\n\t\t\t\t\t\t\t\t\t<p><span style=\"font-weight: 400;\">We have installed e-chargers in electric cars and solar systems for many of our customers. Be one of our satisfied customers!<br \/><\/span><\/p>\t\t\t\t\t\t\t\t<\/div>\n\t\t\t\t<\/div>\n\t\t\t\t<div class=\"elementor-element elementor-element-9fdc63d elementor-widget elementor-widget-html\" data-id=\"9fdc63d\" data-element_type=\"widget\" data-widget_type=\"html.default\">\n\t\t\t\t<div class=\"elementor-widget-container\">\n\t\t\t\t\t<script async src='https:\/\/r3.minicrm.hu\/api\/loader.js?58948-0eitvuklxe015jxnr6zp'><\/script>\t\t\t\t<\/div>\n\t\t\t\t<\/div>\n\t\t\t\t\t<\/div>\n\t\t<\/div>\n\t\t\t\t\t<\/div>\n\t\t<\/section>\n\t\t\t\t<\/div>","protected":false},"excerpt":{"rendered":"<p>Referencia &#8211; Elektromos aut\u00f3 t\u00f6lt\u0151 telep\u00edt\u00e9seink Enel-X JuiceBox elektromos gyorst\u00f6lt\u0151 Lakoss\u00e1gi \u00fcgyfeleink kedvelt v\u00e1laszt\u00e1sa az Enel-X JuiceBox elektromos gyorst\u00f6lt\u0151, amelynek telep\u00edt\u00e9s\u00e9ben m\u00e1r jelent\u0151s tapasztalatra tett\u00fcnk szert. Az Enel-X JuiceBox elektromos gyorst\u00f6lt\u0151 el\u0151nyei: Napelemes rendszert\u0151l f\u00fcggetlen m\u0171k\u00f6d\u00e9s Falra telep\u00edthet\u0151 kialak\u00edt\u00e1s Ak\u00e1r 22 kW t\u00f6lt\u00e9si teljes\u00edtm\u00e9ny Telefonos applik\u00e1ci\u00f3, melyen kereszt\u00fcl sz\u00e1mos k\u00e9nyelmi funkci\u00f3 \u00e9rhet\u0151 el Huawei Smart [&hellip;]<\/p>\n","protected":false},"author":1,"featured_media":0,"parent":5020,"menu_order":0,"comment_status":"closed","ping_status":"closed","template":"","meta":{"_acf_changed":false,"site-sidebar-layout":"no-sidebar","site-content-layout":"page-builder","ast-site-content-layout":"default","site-content-style":"default","site-sidebar-style":"default","ast-global-header-display":"","ast-banner-title-visibility":"","ast-main-header-display":"","ast-hfb-above-header-display":"","ast-hfb-below-header-display":"","ast-hfb-mobile-header-display":"","site-post-title":"disabled","ast-breadcrumbs-content":"","ast-featured-img":"disabled","footer-sml-layout":"","theme-transparent-header-meta":"default","adv-header-id-meta":"","stick-header-meta":"default","header-above-stick-meta":"","header-main-stick-meta":"","header-below-stick-meta":"","astra-migrate-meta-layouts":"default","ast-page-background-enabled":"default","ast-page-background-meta":{"desktop":{"background-color":"","background-image":"","background-repeat":"repeat","background-position":"center center","background-size":"auto","background-attachment":"scroll","background-type":"","background-media":"","overlay-type":"","overlay-color":"","overlay-opacity":"","overlay-gradient":""},"tablet":{"background-color":"","background-image":"","background-repeat":"repeat","background-position":"center center","background-size":"auto","background-attachment":"scroll","background-type":"","background-media":"","overlay-type":"","overlay-color":"","overlay-opacity":"","overlay-gradient":""},"mobile":{"background-color":"","background-image":"","background-repeat":"repeat","background-position":"center center","background-size":"auto","background-attachment":"scroll","background-type":"","background-media":"","overlay-type":"","overlay-color":"","overlay-opacity":"","overlay-gradient":""}},"ast-content-background-meta":{"desktop":{"background-color":"var(--ast-global-color-5)","background-image":"","background-repeat":"repeat","background-position":"center center","background-size":"auto","background-attachment":"scroll","background-type":"","background-media":"","overlay-type":"","overlay-color":"","overlay-opacity":"","overlay-gradient":""},"tablet":{"background-color":"var(--ast-global-color-5)","background-image":"","background-repeat":"repeat","background-position":"center center","background-size":"auto","background-attachment":"scroll","background-type":"","background-media":"","overlay-type":"","overlay-color":"","overlay-opacity":"","overlay-gradient":""},"mobile":{"background-color":"var(--ast-global-color-5)","background-image":"","background-repeat":"repeat","background-position":"center center","background-size":"auto","background-attachment":"scroll","background-type":"","background-media":"","overlay-type":"","overlay-color":"","overlay-opacity":"","overlay-gradient":""}},"footnotes":""},"class_list":["post-5491","page","type-page","status-publish","hentry"],"acf":[],"_links":{"self":[{"href":"https:\/\/www.yuxtaenergy.hu\/en\/wp-json\/wp\/v2\/pages\/5491","targetHints":{"allow":["GET"]}}],"collection":[{"href":"https:\/\/www.yuxtaenergy.hu\/en\/wp-json\/wp\/v2\/pages"}],"about":[{"href":"https:\/\/www.yuxtaenergy.hu\/en\/wp-json\/wp\/v2\/types\/page"}],"author":[{"embeddable":true,"href":"https:\/\/www.yuxtaenergy.hu\/en\/wp-json\/wp\/v2\/users\/1"}],"replies":[{"embeddable":true,"href":"https:\/\/www.yuxtaenergy.hu\/en\/wp-json\/wp\/v2\/comments?post=5491"}],"version-history":[{"count":5,"href":"https:\/\/www.yuxtaenergy.hu\/en\/wp-json\/wp\/v2\/pages\/5491\/revisions"}],"predecessor-version":[{"id":5503,"href":"https:\/\/www.yuxtaenergy.hu\/en\/wp-json\/wp\/v2\/pages\/5491\/revisions\/5503"}],"up":[{"embeddable":true,"href":"https:\/\/www.yuxtaenergy.hu\/en\/wp-json\/wp\/v2\/pages\/5020"}],"wp:attachment":[{"href":"https:\/\/www.yuxtaenergy.hu\/en\/wp-json\/wp\/v2\/media?parent=5491"}],"curies":[{"name":"wp","href":"https:\/\/api.w.org\/{rel}","templated":true}]}}