{"id":5579,"date":"2024-01-29T16:10:30","date_gmt":"2024-01-29T15:10:30","guid":{"rendered":"https:\/\/www.yuxtaenergy.hu\/?page_id=5579"},"modified":"2024-01-29T16:38:56","modified_gmt":"2024-01-29T15:38:56","slug":"tovabbi-szolgaltatasok","status":"publish","type":"page","link":"https:\/\/www.yuxtaenergy.hu\/en\/napelem-telepites-szolgaltatasaink\/tovabbi-szolgaltatasok\/","title":{"rendered":"Additional services"},"content":{"rendered":"<div data-elementor-type=\"wp-page\" data-elementor-id=\"5579\" class=\"elementor elementor-5579\" data-elementor-settings=\"{&quot;ha_cmc_init_switcher&quot;:&quot;no&quot;}\" data-elementor-post-type=\"page\">\n\t\t\t\t\t\t<section class=\"elementor-section elementor-top-section elementor-element elementor-element-5f96195 elementor-section-boxed elementor-section-height-default elementor-section-height-default\" data-id=\"5f96195\" data-element_type=\"section\" data-settings=\"{&quot;background_background&quot;:&quot;classic&quot;,&quot;_ha_eqh_enable&quot;:false}\">\n\t\t\t\t\t\t\t<div class=\"elementor-background-overlay\"><\/div>\n\t\t\t\t\t\t\t<div class=\"elementor-container elementor-column-gap-default\">\n\t\t\t\t\t<div class=\"elementor-column elementor-col-100 elementor-top-column elementor-element elementor-element-b092ad3\" data-id=\"b092ad3\" data-element_type=\"column\">\n\t\t\t<div class=\"elementor-widget-wrap elementor-element-populated\">\n\t\t\t\t\t\t<div class=\"elementor-element elementor-element-ef464e0 elementor-widget elementor-widget-heading\" data-id=\"ef464e0\" data-element_type=\"widget\" data-widget_type=\"heading.default\">\n\t\t\t\t<div class=\"elementor-widget-container\">\n\t\t\t\t\t<h2 class=\"elementor-heading-title elementor-size-default\">Additional services<\/h2>\t\t\t\t<\/div>\n\t\t\t\t<\/div>\n\t\t\t\t\t<\/div>\n\t\t<\/div>\n\t\t\t\t\t<\/div>\n\t\t<\/section>\n\t\t\t\t<section class=\"elementor-section elementor-top-section elementor-element elementor-element-77c743c elementor-section-boxed elementor-section-height-default elementor-section-height-default\" data-id=\"77c743c\" data-element_type=\"section\" data-settings=\"{&quot;_ha_eqh_enable&quot;:false}\">\n\t\t\t\t\t\t<div class=\"elementor-container elementor-column-gap-default\">\n\t\t\t\t\t<div class=\"elementor-column elementor-col-100 elementor-top-column elementor-element elementor-element-0298d16\" data-id=\"0298d16\" data-element_type=\"column\">\n\t\t\t<div class=\"elementor-widget-wrap elementor-element-populated\">\n\t\t\t\t\t\t<section class=\"elementor-section elementor-inner-section elementor-element elementor-element-9f63ef4 elementor-section-boxed elementor-section-height-default elementor-section-height-default\" data-id=\"9f63ef4\" data-element_type=\"section\" data-settings=\"{&quot;_ha_eqh_enable&quot;:false}\">\n\t\t\t\t\t\t<div class=\"elementor-container elementor-column-gap-default\">\n\t\t\t\t\t<div class=\"elementor-column elementor-col-50 elementor-inner-column elementor-element elementor-element-9c0afb7\" data-id=\"9c0afb7\" data-element_type=\"column\">\n\t\t\t<div class=\"elementor-widget-wrap elementor-element-populated\">\n\t\t\t\t\t\t<div class=\"elementor-element elementor-element-2d62f4c elementor-widget elementor-widget-image\" data-id=\"2d62f4c\" data-element_type=\"widget\" data-widget_type=\"image.default\">\n\t\t\t\t<div class=\"elementor-widget-container\">\n\t\t\t\t\t\t\t\t\t\t\t\t\t\t\t<img fetchpriority=\"high\" decoding=\"async\" width=\"1200\" height=\"800\" src=\"https:\/\/www.yuxtaenergy.hu\/wp-content\/uploads\/2024\/01\/Home1.png\" class=\"attachment-full size-full wp-image-5597\" alt=\"\" srcset=\"https:\/\/www.yuxtaenergy.hu\/wp-content\/uploads\/2024\/01\/Home1.png 1200w, https:\/\/www.yuxtaenergy.hu\/wp-content\/uploads\/2024\/01\/Home1-300x200.png 300w, https:\/\/www.yuxtaenergy.hu\/wp-content\/uploads\/2024\/01\/Home1-1024x683.png 1024w, https:\/\/www.yuxtaenergy.hu\/wp-content\/uploads\/2024\/01\/Home1-768x512.png 768w, https:\/\/www.yuxtaenergy.hu\/wp-content\/uploads\/2024\/01\/Home1-18x12.png 18w\" sizes=\"(max-width: 1200px) 100vw, 1200px\" \/>\t\t\t\t\t\t\t\t\t\t\t\t\t\t\t<\/div>\n\t\t\t\t<\/div>\n\t\t\t\t\t<\/div>\n\t\t<\/div>\n\t\t\t\t<div class=\"elementor-column elementor-col-50 elementor-inner-column elementor-element elementor-element-1e88dbd\" data-id=\"1e88dbd\" data-element_type=\"column\">\n\t\t\t<div class=\"elementor-widget-wrap elementor-element-populated\">\n\t\t\t\t\t\t<div class=\"elementor-element elementor-element-e55c1ad elementor-widget elementor-widget-heading\" data-id=\"e55c1ad\" data-element_type=\"widget\" data-widget_type=\"heading.default\">\n\t\t\t\t<div class=\"elementor-widget-container\">\n\t\t\t\t\t<h2 class=\"elementor-heading-title elementor-size-default\">TENDERING MARKETING SERVICE<\/h2>\t\t\t\t<\/div>\n\t\t\t\t<\/div>\n\t\t\t\t<div class=\"elementor-element elementor-element-2a7cdab elementor-widget elementor-widget-text-editor\" data-id=\"2a7cdab\" data-element_type=\"widget\" data-widget_type=\"text-editor.default\">\n\t\t\t\t<div class=\"elementor-widget-container\">\n\t\t\t\t\t\t\t\t\t<p>Yuxta is proud to offer tender marketing services in partnership with some of the top companies. When it comes to helping you with your shopping needs in our area of expertise, we have no competition.<\/p>\t\t\t\t\t\t\t\t<\/div>\n\t\t\t\t<\/div>\n\t\t\t\t\t<\/div>\n\t\t<\/div>\n\t\t\t\t\t<\/div>\n\t\t<\/section>\n\t\t\t\t<section class=\"elementor-section elementor-inner-section elementor-element elementor-element-5d85f88 elementor-section-boxed elementor-section-height-default elementor-section-height-default\" data-id=\"5d85f88\" data-element_type=\"section\" data-settings=\"{&quot;_ha_eqh_enable&quot;:false}\">\n\t\t\t\t\t\t<div class=\"elementor-container elementor-column-gap-default\">\n\t\t\t\t\t<div class=\"elementor-column elementor-col-50 elementor-inner-column elementor-element elementor-element-8a2a5ab\" data-id=\"8a2a5ab\" data-element_type=\"column\">\n\t\t\t<div class=\"elementor-widget-wrap elementor-element-populated\">\n\t\t\t\t\t\t<div class=\"elementor-element elementor-element-916310a elementor-widget elementor-widget-text-editor\" data-id=\"916310a\" data-element_type=\"widget\" data-widget_type=\"text-editor.default\">\n\t\t\t\t<div class=\"elementor-widget-container\">\n\t\t\t\t\t\t\t\t\t<p><strong>Our tender marketing services<\/strong><\/p><p>At Yuxta, we specialize in effective tender management. We can help you procure products and services in key areas such as transport, telecommunications, general equipment and energy solutions.<\/p><p>Maximize your business opportunities and optimize your projects with our tender marketing service! Contact us today to find out how we can help your business succeed in the international market.<\/p>\t\t\t\t\t\t\t\t<\/div>\n\t\t\t\t<\/div>\n\t\t\t\t<div class=\"elementor-element elementor-element-ff81737 elementor-widget elementor-widget-button\" data-id=\"ff81737\" data-element_type=\"widget\" data-widget_type=\"button.default\">\n\t\t\t\t<div class=\"elementor-widget-container\">\n\t\t\t\t\t\t\t\t\t<div class=\"elementor-button-wrapper\">\n\t\t\t\t\t<a class=\"elementor-button elementor-button-link elementor-size-sm\" href=\"https:\/\/www.yuxtaenergy.hu\/en\/elerhetosegeink\/\">\n\t\t\t\t\t\t<span class=\"elementor-button-content-wrapper\">\n\t\t\t\t\t\t\t\t\t<span class=\"elementor-button-text\">Contact Us<\/span>\n\t\t\t\t\t<\/span>\n\t\t\t\t\t<\/a>\n\t\t\t\t<\/div>\n\t\t\t\t\t\t\t\t<\/div>\n\t\t\t\t<\/div>\n\t\t\t\t\t<\/div>\n\t\t<\/div>\n\t\t\t\t<div class=\"elementor-column elementor-col-50 elementor-inner-column elementor-element elementor-element-3f59f35\" data-id=\"3f59f35\" data-element_type=\"column\">\n\t\t\t<div class=\"elementor-widget-wrap elementor-element-populated\">\n\t\t\t\t\t\t<div class=\"elementor-element elementor-element-9cb7e2c elementor-widget elementor-widget-image\" data-id=\"9cb7e2c\" data-element_type=\"widget\" data-widget_type=\"image.default\">\n\t\t\t\t<div class=\"elementor-widget-container\">\n\t\t\t\t\t\t\t\t\t\t\t\t\t\t\t<img decoding=\"async\" width=\"1200\" height=\"800\" src=\"https:\/\/www.yuxtaenergy.hu\/wp-content\/uploads\/2024\/01\/Home2.png\" class=\"attachment-full size-full wp-image-5604\" alt=\"\" srcset=\"https:\/\/www.yuxtaenergy.hu\/wp-content\/uploads\/2024\/01\/Home2.png 1200w, https:\/\/www.yuxtaenergy.hu\/wp-content\/uploads\/2024\/01\/Home2-300x200.png 300w, https:\/\/www.yuxtaenergy.hu\/wp-content\/uploads\/2024\/01\/Home2-1024x683.png 1024w, https:\/\/www.yuxtaenergy.hu\/wp-content\/uploads\/2024\/01\/Home2-768x512.png 768w, https:\/\/www.yuxtaenergy.hu\/wp-content\/uploads\/2024\/01\/Home2-18x12.png 18w\" sizes=\"(max-width: 1200px) 100vw, 1200px\" \/>\t\t\t\t\t\t\t\t\t\t\t\t\t\t\t<\/div>\n\t\t\t\t<\/div>\n\t\t\t\t\t<\/div>\n\t\t<\/div>\n\t\t\t\t\t<\/div>\n\t\t<\/section>\n\t\t\t\t\t<\/div>\n\t\t<\/div>\n\t\t\t\t\t<\/div>\n\t\t<\/section>\n\t\t\t\t<section class=\"elementor-section elementor-top-section elementor-element elementor-element-3a5f707 elementor-section-boxed elementor-section-height-default elementor-section-height-default\" data-id=\"3a5f707\" data-element_type=\"section\" data-settings=\"{&quot;_ha_eqh_enable&quot;:false}\">\n\t\t\t\t\t\t<div class=\"elementor-container elementor-column-gap-default\">\n\t\t\t\t\t<div class=\"elementor-column elementor-col-100 elementor-top-column elementor-element elementor-element-916e188\" data-id=\"916e188\" data-element_type=\"column\">\n\t\t\t<div class=\"elementor-widget-wrap elementor-element-populated\">\n\t\t\t\t\t\t<div class=\"elementor-element elementor-element-9bb0a34 elementor-widget elementor-widget-text-editor\" data-id=\"9bb0a34\" data-element_type=\"widget\" data-widget_type=\"text-editor.default\">\n\t\t\t\t<div class=\"elementor-widget-container\">\n\t\t\t\t\t\t\t\t\t<p><strong>INFORMATION TECHNOLOGY (IT) SERVICES<\/strong><\/p>\t\t\t\t\t\t\t\t<\/div>\n\t\t\t\t<\/div>\n\t\t\t\t<div class=\"elementor-element elementor-element-c1ee076 elementor-widget elementor-widget-text-editor\" data-id=\"c1ee076\" data-element_type=\"widget\" data-widget_type=\"text-editor.default\">\n\t\t\t\t<div class=\"elementor-widget-container\">\n\t\t\t\t\t\t\t\t\t<p>In a world dominated by technology, companies must become more efficient and competitive. A key element of this puzzle is an efficient and cost-effective power supply. And this is where YUXTA comes into the picture as a star partner. With solid experience in industrial operations and renewable energy, we offer solutions that perform brilliantly.<\/p>\t\t\t\t\t\t\t\t<\/div>\n\t\t\t\t<\/div>\n\t\t\t\t<section class=\"elementor-section elementor-inner-section elementor-element elementor-element-1d95ab5 elementor-section-boxed elementor-section-height-default elementor-section-height-default\" data-id=\"1d95ab5\" data-element_type=\"section\" data-settings=\"{&quot;_ha_eqh_enable&quot;:false}\">\n\t\t\t\t\t\t<div class=\"elementor-container elementor-column-gap-default\">\n\t\t\t\t\t<div class=\"elementor-column elementor-col-33 elementor-inner-column elementor-element elementor-element-4d02228\" data-id=\"4d02228\" data-element_type=\"column\">\n\t\t\t<div class=\"elementor-widget-wrap elementor-element-populated\">\n\t\t\t\t\t\t<div class=\"elementor-element elementor-element-f7422b6 elementor-position-top elementor-widget elementor-widget-image-box\" data-id=\"f7422b6\" data-element_type=\"widget\" data-widget_type=\"image-box.default\">\n\t\t\t\t<div class=\"elementor-widget-container\">\n\t\t\t\t\t<div class=\"elementor-image-box-wrapper\"><figure class=\"elementor-image-box-img\"><img decoding=\"async\" width=\"310\" height=\"355\" src=\"https:\/\/www.yuxtaenergy.hu\/wp-content\/uploads\/2024\/01\/Home3.png\" class=\"attachment-full size-full wp-image-5608\" alt=\"\" srcset=\"https:\/\/www.yuxtaenergy.hu\/wp-content\/uploads\/2024\/01\/Home3.png 310w, https:\/\/www.yuxtaenergy.hu\/wp-content\/uploads\/2024\/01\/Home3-262x300.png 262w, https:\/\/www.yuxtaenergy.hu\/wp-content\/uploads\/2024\/01\/Home3-10x12.png 10w\" sizes=\"(max-width: 310px) 100vw, 310px\" \/><\/figure><div class=\"elementor-image-box-content\"><h3 class=\"elementor-image-box-title\">Our innovation laboratory<\/h3><p class=\"elementor-image-box-description\">At YUXTA, we have a huge community of customers and collaborators at your disposal. Think of it as an IT innovation lab where magic happens. This is where we offer high performance infrastructure for cloud computing, data analytics and machine learning.<\/p><\/div><\/div>\t\t\t\t<\/div>\n\t\t\t\t<\/div>\n\t\t\t\t\t<\/div>\n\t\t<\/div>\n\t\t\t\t<div class=\"elementor-column elementor-col-33 elementor-inner-column elementor-element elementor-element-8237709\" data-id=\"8237709\" data-element_type=\"column\">\n\t\t\t<div class=\"elementor-widget-wrap elementor-element-populated\">\n\t\t\t\t\t\t<div class=\"elementor-element elementor-element-de41b44 elementor-position-top elementor-widget elementor-widget-image-box\" data-id=\"de41b44\" data-element_type=\"widget\" data-widget_type=\"image-box.default\">\n\t\t\t\t<div class=\"elementor-widget-container\">\n\t\t\t\t\t<div class=\"elementor-image-box-wrapper\"><figure class=\"elementor-image-box-img\"><img loading=\"lazy\" decoding=\"async\" width=\"310\" height=\"355\" src=\"https:\/\/www.yuxtaenergy.hu\/wp-content\/uploads\/2024\/01\/Home4.png\" class=\"attachment-full size-full wp-image-5609\" alt=\"\" srcset=\"https:\/\/www.yuxtaenergy.hu\/wp-content\/uploads\/2024\/01\/Home4.png 310w, https:\/\/www.yuxtaenergy.hu\/wp-content\/uploads\/2024\/01\/Home4-262x300.png 262w, https:\/\/www.yuxtaenergy.hu\/wp-content\/uploads\/2024\/01\/Home4-10x12.png 10w\" sizes=\"(max-width: 310px) 100vw, 310px\" \/><\/figure><div class=\"elementor-image-box-content\"><h3 class=\"elementor-image-box-title\">Power, security and flexibility in the cloud<\/h3><p class=\"elementor-image-box-description\">Our cloud services are not only powerful, but also secure and reliable. Imagine having access to high-performance virtual machines and cloud services as your trusted companions every step of the way. No cancellation fees and flexible payment systems to suit your needs. This is not only a convenient choice, but also a key to starting projects.<\/p><\/div><\/div>\t\t\t\t<\/div>\n\t\t\t\t<\/div>\n\t\t\t\t\t<\/div>\n\t\t<\/div>\n\t\t\t\t<div class=\"elementor-column elementor-col-33 elementor-inner-column elementor-element elementor-element-ca006a1\" data-id=\"ca006a1\" data-element_type=\"column\">\n\t\t\t<div class=\"elementor-widget-wrap elementor-element-populated\">\n\t\t\t\t\t\t<div class=\"elementor-element elementor-element-e5eb8f3 elementor-position-top elementor-widget elementor-widget-image-box\" data-id=\"e5eb8f3\" data-element_type=\"widget\" data-widget_type=\"image-box.default\">\n\t\t\t\t<div class=\"elementor-widget-container\">\n\t\t\t\t\t<div class=\"elementor-image-box-wrapper\"><figure class=\"elementor-image-box-img\"><img loading=\"lazy\" decoding=\"async\" width=\"310\" height=\"355\" src=\"https:\/\/www.yuxtaenergy.hu\/wp-content\/uploads\/2024\/01\/Home5.png\" class=\"attachment-full size-full wp-image-5610\" alt=\"\" srcset=\"https:\/\/www.yuxtaenergy.hu\/wp-content\/uploads\/2024\/01\/Home5.png 310w, https:\/\/www.yuxtaenergy.hu\/wp-content\/uploads\/2024\/01\/Home5-262x300.png 262w, https:\/\/www.yuxtaenergy.hu\/wp-content\/uploads\/2024\/01\/Home5-10x12.png 10w\" sizes=\"(max-width: 310px) 100vw, 310px\" \/><\/figure><div class=\"elementor-image-box-content\"><h3 class=\"elementor-image-box-title\">Organize an innovation session<\/h3><p class=\"elementor-image-box-description\">Are you ready to illuminate the path to IT success? Contact us and organize an innovation session. At YUXTA, we not only provide IT solutions, but unlimited opportunities for your business to shine in the digital world.<\/p><\/div><\/div>\t\t\t\t<\/div>\n\t\t\t\t<\/div>\n\t\t\t\t\t<\/div>\n\t\t<\/div>\n\t\t\t\t\t<\/div>\n\t\t<\/section>\n\t\t\t\t\t<\/div>\n\t\t<\/div>\n\t\t\t\t\t<\/div>\n\t\t<\/section>\n\t\t\t\t<\/div>","protected":false},"excerpt":{"rendered":"<p>Tov\u00e1bbi szolg\u00e1ltat\u00e1sok TENDEREZ\u00c9SI MARKETING\u00a0 \u00a0 \u00a0 \u00a0 \u00a0 \u00a0 \u00a0 \u00a0 \u00a0 \u00a0 SZOLG\u00c1LTAT\u00c1S A Yuxta b\u00fcszk\u00e9n k\u00edn\u00e1l tenderez\u00e9si marketing szolg\u00e1ltat\u00e1st egy\u00fcttm\u0171k\u00f6dve n\u00e9h\u00e1ny a legkiemelked\u0151bb v\u00e1llalattal. Amikor a v\u00e1s\u00e1rl\u00e1si ig\u00e9nyeiben seg\u00edt\u00fcnk szak\u00e9rtelmi ter\u00fclet\u00fcnk\u00f6n, versenyt\u00e1rsunk nincs. Tenderez\u00e9si marketing szolg\u00e1ltat\u00e1saink A Yuxta-n\u00e1l specializ\u00e1l\u00f3dunk hat\u00e9kony tenderez\u00e9si menedzsmentben. Seg\u00edthet\u00fcnk term\u00e9kek \u00e9s szolg\u00e1ltat\u00e1sok beszerz\u00e9s\u00e9ben kulcsfontoss\u00e1g\u00fa ter\u00fcleteken, mint p\u00e9ld\u00e1ul a k\u00f6zleked\u00e9s, [&hellip;]<\/p>\n","protected":false},"author":29,"featured_media":5169,"parent":4764,"menu_order":0,"comment_status":"closed","ping_status":"closed","template":"","meta":{"_acf_changed":false,"site-sidebar-layout":"no-sidebar","site-content-layout":null,"ast-site-content-layout":"full-width-container","site-content-style":"unboxed","site-sidebar-style":"unboxed","ast-global-header-display":"","ast-banner-title-visibility":"","ast-main-header-display":"","ast-hfb-above-header-display":"","ast-hfb-below-header-display":"","ast-hfb-mobile-header-display":"","site-post-title":"disabled","ast-breadcrumbs-content":"","ast-featured-img":"disabled","footer-sml-layout":"","theme-transparent-header-meta":"default","adv-header-id-meta":null,"stick-header-meta":"default","header-above-stick-meta":null,"header-main-stick-meta":"","header-below-stick-meta":null,"astra-migrate-meta-layouts":"default","ast-page-background-enabled":"default","ast-page-background-meta":{"desktop":{"background-color":"","background-image":"","background-repeat":"repeat","background-position":"center center","background-size":"auto","background-attachment":"scroll","background-type":"","background-media":"","overlay-type":"","overlay-color":"","overlay-opacity":"","overlay-gradient":""},"tablet":{"background-color":"","background-image":"","background-repeat":"repeat","background-position":"center center","background-size":"auto","background-attachment":"scroll","background-type":"","background-media":"","overlay-type":"","overlay-color":"","overlay-opacity":"","overlay-gradient":""},"mobile":{"background-color":"","background-image":"","background-repeat":"repeat","background-position":"center center","background-size":"auto","background-attachment":"scroll","background-type":"","background-media":"","overlay-type":"","overlay-color":"","overlay-opacity":"","overlay-gradient":""}},"ast-content-background-meta":{"desktop":{"background-color":"var(--ast-global-color-5)","background-image":"","background-repeat":"repeat","background-position":"center center","background-size":"auto","background-attachment":"scroll","background-type":"","background-media":"","overlay-type":"","overlay-color":"","overlay-opacity":"","overlay-gradient":""},"tablet":{"background-color":"var(--ast-global-color-5)","background-image":"","background-repeat":"repeat","background-position":"center center","background-size":"auto","background-attachment":"scroll","background-type":"","background-media":"","overlay-type":"","overlay-color":"","overlay-opacity":"","overlay-gradient":""},"mobile":{"background-color":"var(--ast-global-color-5)","background-image":"","background-repeat":"repeat","background-position":"center center","background-size":"auto","background-attachment":"scroll","background-type":"","background-media":"","overlay-type":"","overlay-color":"","overlay-opacity":"","overlay-gradient":""}},"footnotes":""},"class_list":["post-5579","page","type-page","status-publish","has-post-thumbnail","hentry"],"acf":[],"_links":{"self":[{"href":"https:\/\/www.yuxtaenergy.hu\/en\/wp-json\/wp\/v2\/pages\/5579","targetHints":{"allow":["GET"]}}],"collection":[{"href":"https:\/\/www.yuxtaenergy.hu\/en\/wp-json\/wp\/v2\/pages"}],"about":[{"href":"https:\/\/www.yuxtaenergy.hu\/en\/wp-json\/wp\/v2\/types\/page"}],"author":[{"embeddable":true,"href":"https:\/\/www.yuxtaenergy.hu\/en\/wp-json\/wp\/v2\/users\/29"}],"replies":[{"embeddable":true,"href":"https:\/\/www.yuxtaenergy.hu\/en\/wp-json\/wp\/v2\/comments?post=5579"}],"version-history":[{"count":34,"href":"https:\/\/www.yuxtaenergy.hu\/en\/wp-json\/wp\/v2\/pages\/5579\/revisions"}],"predecessor-version":[{"id":5621,"href":"https:\/\/www.yuxtaenergy.hu\/en\/wp-json\/wp\/v2\/pages\/5579\/revisions\/5621"}],"up":[{"embeddable":true,"href":"https:\/\/www.yuxtaenergy.hu\/en\/wp-json\/wp\/v2\/pages\/4764"}],"wp:featuredmedia":[{"embeddable":true,"href":"https:\/\/www.yuxtaenergy.hu\/en\/wp-json\/wp\/v2\/media\/5169"}],"wp:attachment":[{"href":"https:\/\/www.yuxtaenergy.hu\/en\/wp-json\/wp\/v2\/media?parent=5579"}],"curies":[{"name":"wp","href":"https:\/\/api.w.org\/{rel}","templated":true}]}}